{"id":81,"date":"2023-07-29T09:23:19","date_gmt":"2023-07-29T07:23:19","guid":{"rendered":"http:\/\/welcome.boutdevolcan.fr\/?page_id=81"},"modified":"2023-08-11T10:24:02","modified_gmt":"2023-08-11T08:24:02","slug":"acces-wifi","status":"publish","type":"page","link":"https:\/\/welcome.boutdevolcan.fr\/index.php\/bienvenue\/acces-wifi\/","title":{"rendered":"Acc\u00e8s Wifi"},"content":{"rendered":"\n<p class=\"has-drop-cap\">Voici le code WiFi de votre appartement : <strong>yellowbox229<\/strong><\/p>\n\n\n\n<p><strong>Pour vous connecter au WiFi, suivez ces \u00e9tapes :<\/strong><\/p>\n\n\n\n<div class=\"wp-block-group\"><div class=\"wp-block-group__inner-container is-layout-constrained wp-block-group-is-layout-constrained\">\n<ol class=\"wp-block-list\">\n<li>Sur votre appareil, ouvrez l&rsquo;application de gestion WiFi.<\/li>\n\n\n\n<li>Recherchez le nom du r\u00e9seau WiFi (<strong>NETGEAR79_EXT<\/strong>).<\/li>\n\n\n\n<li>Entrez le code WiFi (<strong>yellowbox229<\/strong>).<\/li>\n\n\n\n<li>Appuyez sur le bouton \u00ab\u00a0Connexion\u00a0\u00bb.<\/li>\n<\/ol>\n\n\n\n<p><strong>Vous pouvez \u00e9galement scanner le code avec votre smartphone :<\/strong><\/p>\n\n\n<div class=\"wp-block-image\">\n<figure class=\"aligncenter size-medium\"><img loading=\"lazy\" decoding=\"async\" width=\"300\" height=\"300\" src=\"http:\/\/welcome.boutdevolcan.fr\/wp-content\/uploads\/2023\/07\/qr-code-300x300.png\" alt=\"\" class=\"wp-image-82\" srcset=\"https:\/\/welcome.boutdevolcan.fr\/wp-content\/uploads\/2023\/07\/qr-code-300x300.png 300w, https:\/\/welcome.boutdevolcan.fr\/wp-content\/uploads\/2023\/07\/qr-code-1024x1024.png 1024w, https:\/\/welcome.boutdevolcan.fr\/wp-content\/uploads\/2023\/07\/qr-code-150x150.png 150w, https:\/\/welcome.boutdevolcan.fr\/wp-content\/uploads\/2023\/07\/qr-code-768x768.png 768w, https:\/\/welcome.boutdevolcan.fr\/wp-content\/uploads\/2023\/07\/qr-code.png 1148w\" sizes=\"auto, (max-width: 300px) 100vw, 300px\" \/><\/figure>\n<\/div><\/div><\/div>\n\n\n\n<p>Vous devriez maintenant \u00eatre connect\u00e9 au WiFi.<\/p>\n","protected":false},"excerpt":{"rendered":"<p>Voici le code WiFi de votre appartement : yellowbox229 Pour vous connecter au WiFi, suivez ces \u00e9tapes : Vous pouvez \u00e9galement scanner le code avec votre smartphone : Vous devriez maintenant \u00eatre connect\u00e9 au WiFi.<\/p>\n","protected":false},"author":1,"featured_media":0,"parent":77,"menu_order":30,"comment_status":"closed","ping_status":"closed","template":"","meta":{"_uag_custom_page_level_css":"","footnotes":""},"class_list":["post-81","page","type-page","status-publish","hentry"],"uagb_featured_image_src":{"full":false,"thumbnail":false,"medium":false,"medium_large":false,"large":false,"1536x1536":false,"2048x2048":false,"post-thumbnail":false,"twentytwenty-fullscreen":false},"uagb_author_info":{"display_name":"djoannet","author_link":"https:\/\/welcome.boutdevolcan.fr\/index.php\/author\/djoannet\/"},"uagb_comment_info":0,"uagb_excerpt":"Voici le code WiFi de votre appartement : yellowbox229 Pour vous connecter au WiFi, suivez ces \u00e9tapes : Vous pouvez \u00e9galement scanner le code avec votre smartphone : Vous devriez maintenant \u00eatre connect\u00e9 au WiFi.","_links":{"self":[{"href":"https:\/\/welcome.boutdevolcan.fr\/index.php\/wp-json\/wp\/v2\/pages\/81","targetHints":{"allow":["GET"]}}],"collection":[{"href":"https:\/\/welcome.boutdevolcan.fr\/index.php\/wp-json\/wp\/v2\/pages"}],"about":[{"href":"https:\/\/welcome.boutdevolcan.fr\/index.php\/wp-json\/wp\/v2\/types\/page"}],"author":[{"embeddable":true,"href":"https:\/\/welcome.boutdevolcan.fr\/index.php\/wp-json\/wp\/v2\/users\/1"}],"replies":[{"embeddable":true,"href":"https:\/\/welcome.boutdevolcan.fr\/index.php\/wp-json\/wp\/v2\/comments?post=81"}],"version-history":[{"count":2,"href":"https:\/\/welcome.boutdevolcan.fr\/index.php\/wp-json\/wp\/v2\/pages\/81\/revisions"}],"predecessor-version":[{"id":526,"href":"https:\/\/welcome.boutdevolcan.fr\/index.php\/wp-json\/wp\/v2\/pages\/81\/revisions\/526"}],"up":[{"embeddable":true,"href":"https:\/\/welcome.boutdevolcan.fr\/index.php\/wp-json\/wp\/v2\/pages\/77"}],"wp:attachment":[{"href":"https:\/\/welcome.boutdevolcan.fr\/index.php\/wp-json\/wp\/v2\/media?parent=81"}],"curies":[{"name":"wp","href":"https:\/\/api.w.org\/{rel}","templated":true}]}}