{"id":77,"date":"2023-07-29T09:25:16","date_gmt":"2023-07-29T07:25:16","guid":{"rendered":"http:\/\/welcome.boutdevolcan.fr\/?page_id=77"},"modified":"2023-08-11T10:22:13","modified_gmt":"2023-08-11T08:22:13","slug":"bienvenue","status":"publish","type":"page","link":"https:\/\/welcome.boutdevolcan.fr\/","title":{"rendered":"Bienvenue"},"content":{"rendered":"\n<p class=\"uag-hide-tab uag-hide-mob\">Nous vous remercions de la confiance que vous accordez \u00e0 Gites de France et esp\u00e9rons que votre s\u00e9jour sera des plus agr\u00e9able.<\/p>\n\n\n\n<p class=\"uag-hide-tab uag-hide-mob\">Vous trouverez dans ce livret d\u2019accueil digital toutes les informations pratiques et les renseignements utiles \u00e0 son bon d\u00e9roulement.<\/p>\n\n\n\n<p class=\"uag-hide-tab uag-hide-mob\">Pionnier du tourisme collaboratif en gites et maison d\u2019h\u00f4tes. Gites de France d\u00e9fend et promeut l\u2019id\u00e9e d\u2019un tourisme authentique o\u00f9 priment la relation humaine et l\u2019art de vivre ses vacances.<\/p>\n\n\n\n<p class=\"uag-hide-tab uag-hide-mob\">Comme toute adresse s\u00e9lectionn\u00e9e par Gites de France, cet h\u00e9bergement a \u00e9t\u00e9 labellis\u00e9 selon une charte qualit\u00e9 de r\u00e9f\u00e9rence. Nos \u00e9quipes l\u2019ont visit\u00e9 et contr\u00f4l\u00e9 afin de vous garantir un s\u00e9jour en toute s\u00e9r\u00e9nit\u00e9.<\/p>\n\n\n\n<p class=\"uag-hide-tab uag-hide-mob\">Nous vous souhaitons un tr\u00e8s agr\u00e9able s\u00e9jour dans ce gite !<\/p>\n\n\n\n<p class=\"uag-hide-tab uag-hide-mob\">Dans l&rsquo;\u00e9ventualit\u00e9 o\u00f9 quelque chose ne vous convient pas dans le g\u00eete, n&rsquo;h\u00e9sitez pas \u00e0 nous contacter.<\/p>\n\n\n\n<div class=\"wp-block-group\"><div class=\"wp-block-group__inner-container is-layout-constrained wp-block-group-is-layout-constrained\">\n<div class=\"wp-block-columns alignfull is-layout-flex wp-container-core-columns-is-layout-9d6595d7 wp-block-columns-is-layout-flex\">\n<div class=\"wp-block-column is-layout-flow wp-block-column-is-layout-flow\">\n<div class=\"wp-block-uagb-image aligncenter uagb-block-adc876a2 wp-block-uagb-image--layout-default wp-block-uagb-image--effect-zoomin wp-block-uagb-image--align-center\"><figure class=\"wp-block-uagb-image__figure\"><a class=\"\" href=\"http:\/\/welcome.boutdevolcan.fr\/index.php\/bienvenue\/informations-avant-votre-arrivee\/\" target=\"\" rel=\"noopener\"><img decoding=\"async\" srcset=\"https:\/\/welcome.boutdevolcan.fr\/wp-content\/uploads\/2023\/08\/Icon-Infos.png \" sizes=\"auto, (max-width: 480px) 150px\" src=\"https:\/\/welcome.boutdevolcan.fr\/wp-content\/uploads\/2023\/08\/Icon-Infos.png\" alt=\"Arriv\u00e9e\" class=\"uag-image-135\" width=\"70\" height=\"72\" title=\"\" loading=\"lazy\"\/><\/a><\/figure><\/div>\n\n\n\n<h3 class=\"wp-block-heading\" style=\"font-size:24px;line-height:1.3\"><strong><a href=\"http:\/\/welcome.boutdevolcan.fr\/index.php\/bienvenue\/informations-avant-votre-arrivee\/\" data-type=\"page\" data-id=\"408\">Infos avant votre arriv\u00e9e \u2197<\/a><\/strong><\/h3>\n\n\n\n<p>Quelques informations utiles avant votre arriv\u00e9e<\/p>\n<\/div>\n\n\n\n<div class=\"wp-block-column is-layout-flow wp-block-column-is-layout-flow\">\n<div class=\"wp-block-uagb-image aligncenter uagb-block-f9a0a0dc wp-block-uagb-image--layout-default wp-block-uagb-image--effect-zoomin wp-block-uagb-image--align-center\"><figure class=\"wp-block-uagb-image__figure\"><a class=\"\" href=\"http:\/\/welcome.boutdevolcan.fr\/index.php\/bienvenue\/digicode\/\" target=\"\" rel=\"noopener\"><img decoding=\"async\" srcset=\"https:\/\/welcome.boutdevolcan.fr\/wp-content\/uploads\/2023\/08\/Icon-Digicode.png \" sizes=\"auto, (max-width: 480px) 150px\" src=\"https:\/\/welcome.boutdevolcan.fr\/wp-content\/uploads\/2023\/08\/Icon-Digicode.png\" alt=\"Digicode\" class=\"uag-image-118\" width=\"70\" height=\"72\" title=\"\" loading=\"lazy\"\/><\/a><\/figure><\/div>\n\n\n\n<h3 class=\"wp-block-heading\" style=\"font-size:24px;line-height:1.3\"><a href=\"http:\/\/welcome.boutdevolcan.fr\/index.php\/bienvenue\/digicode\/\" data-type=\"page\" data-id=\"412\">Digicode <strong>\u2197<\/strong><\/a><\/h3>\n\n\n\n<p>Le digicode qui vous permettra d&rsquo;ouvrir le portail principal<\/p>\n<\/div>\n\n\n\n<div class=\"wp-block-column is-layout-flow wp-block-column-is-layout-flow\">\n<div class=\"wp-block-uagb-image aligncenter uagb-block-2b4887b0 wp-block-uagb-image--layout-default wp-block-uagb-image--effect-zoomin wp-block-uagb-image--align-center\"><figure class=\"wp-block-uagb-image__figure\"><a class=\"\" href=\"http:\/\/welcome.boutdevolcan.fr\/index.php\/acces-wifi\/\" target=\"\" rel=\"noopener\"><img decoding=\"async\" srcset=\"https:\/\/welcome.boutdevolcan.fr\/wp-content\/uploads\/2023\/08\/Icon-Wifi.png \" sizes=\"auto, (max-width: 480px) 150px\" src=\"https:\/\/welcome.boutdevolcan.fr\/wp-content\/uploads\/2023\/08\/Icon-Wifi.png\" alt=\"Wifi\" class=\"uag-image-119\" width=\"70\" height=\"72\" title=\"\" loading=\"lazy\"\/><\/a><\/figure><\/div>\n\n\n\n<h3 class=\"wp-block-heading\" style=\"font-size:24px;line-height:1.3\"><strong><a href=\"http:\/\/welcome.boutdevolcan.fr\/index.php\/acces-wifi\/\" data-type=\"page\" data-id=\"81\">Wifi \u2197<\/a><\/strong><\/h3>\n\n\n\n<p>Retrouvez le code wifi utilisable pendant votre s\u00e9jour<\/p>\n<\/div>\n<\/div>\n<\/div><\/div>\n\n\n\n<div class=\"wp-block-uagb-separator uagb-block-18f4483b wp-block-uagb-separator--icon uag-hide-tab uag-hide-mob\"><div class=\"wp-block-uagb-separator__inner\" style=\"--my-background-image:\"><div class=\"wp-block-uagb-separator-element\"><svg xmlns=\"https:\/\/www.w3.org\/2000\/svg\" viewBox=\"0 0 384 512\"><path d=\"M384 48V512l-192-112L0 512V48C0 21.5 21.5 0 48 0h288C362.5 0 384 21.5 384 48z\"><\/path><\/svg><\/div><\/div><\/div>\n\n\n\n<div class=\"wp-block-group\"><div class=\"wp-block-group__inner-container is-layout-constrained wp-block-group-is-layout-constrained\">\n<div class=\"wp-block-columns alignfull is-layout-flex wp-container-core-columns-is-layout-9d6595d7 wp-block-columns-is-layout-flex\">\n<div class=\"wp-block-column is-layout-flow wp-block-column-is-layout-flow\">\n<div class=\"wp-block-uagb-image aligncenter uagb-block-9b5dfb89 wp-block-uagb-image--layout-default wp-block-uagb-image--effect-zoomin wp-block-uagb-image--align-center\"><figure class=\"wp-block-uagb-image__figure\"><a class=\"\" href=\"http:\/\/welcome.boutdevolcan.fr\/index.php\/piscine\/\" target=\"\" rel=\"noopener\"><img decoding=\"async\" srcset=\"https:\/\/welcome.boutdevolcan.fr\/wp-content\/uploads\/2023\/08\/Icon-Piscine.png \" sizes=\"auto, (max-width: 480px) 150px\" src=\"https:\/\/welcome.boutdevolcan.fr\/wp-content\/uploads\/2023\/08\/Icon-Piscine.png\" alt=\"Piscine\" class=\"uag-image-142\" width=\"70\" height=\"72\" title=\"\" loading=\"lazy\"\/><\/a><\/figure><\/div>\n\n\n\n<h3 class=\"wp-block-heading\" style=\"font-size:24px;line-height:1.3\"><strong><a href=\"http:\/\/welcome.boutdevolcan.fr\/index.php\/piscine\/\" data-type=\"page\" data-id=\"421\">Piscine \u2197<\/a><\/strong><\/h3>\n\n\n\n<p>Guide d&rsquo;utilisation de la piscine<\/p>\n<\/div>\n\n\n\n<div class=\"wp-block-column is-layout-flow wp-block-column-is-layout-flow\">\n<div class=\"wp-block-uagb-image aligncenter uagb-block-fa495317 wp-block-uagb-image--layout-default wp-block-uagb-image--effect-zoomin wp-block-uagb-image--align-center\"><figure class=\"wp-block-uagb-image__figure\"><a class=\"\" href=\"http:\/\/welcome.boutdevolcan.fr\/index.php\/bienvenue\/autour-du-gite\/\" target=\"\" rel=\"noopener\"><img decoding=\"async\" srcset=\"https:\/\/welcome.boutdevolcan.fr\/wp-content\/uploads\/2023\/08\/Icon-Localisation.png \" sizes=\"auto, (max-width: 480px) 150px\" src=\"https:\/\/welcome.boutdevolcan.fr\/wp-content\/uploads\/2023\/08\/Icon-Localisation.png\" alt=\"Autour du g\u00eete\" class=\"uag-image-150\" width=\"70\" height=\"72\" title=\"\" loading=\"lazy\"\/><\/a><\/figure><\/div>\n\n\n\n<h3 class=\"wp-block-heading\" style=\"font-size:24px;line-height:1.3\"><a href=\"http:\/\/welcome.boutdevolcan.fr\/index.php\/bienvenue\/autour-du-gite\/\" data-type=\"page\" data-id=\"501\">Autour du g\u00eete<strong>\u2197<\/strong><\/a><\/h3>\n\n\n\n<p>Les commerces et activit\u00e9s autour du g\u00eete<\/p>\n<\/div>\n\n\n\n<div class=\"wp-block-column is-layout-flow wp-block-column-is-layout-flow\">\n<div class=\"wp-block-uagb-image aligncenter uagb-block-83bb20a1 wp-block-uagb-image--layout-default wp-block-uagb-image--effect-zoomin wp-block-uagb-image--align-center\"><figure class=\"wp-block-uagb-image__figure\"><a class=\"\" href=\"http:\/\/welcome.boutdevolcan.fr\/index.php\/bienvenue\/informations-pratiques\/\" target=\"\" rel=\"noopener\"><img decoding=\"async\" srcset=\"https:\/\/welcome.boutdevolcan.fr\/wp-content\/uploads\/2023\/08\/Icon-Pratique.png \" sizes=\"auto, (max-width: 480px) 150px\" src=\"https:\/\/welcome.boutdevolcan.fr\/wp-content\/uploads\/2023\/08\/Icon-Pratique.png\" alt=\"Informations pratiques\" class=\"uag-image-133\" width=\"70\" height=\"72\" title=\"\" loading=\"lazy\"\/><\/a><\/figure><\/div>\n\n\n\n<h3 class=\"wp-block-heading\" style=\"font-size:24px;line-height:1.3\"><strong><a href=\"http:\/\/welcome.boutdevolcan.fr\/index.php\/bienvenue\/informations-pratiques\/\" data-type=\"page\" data-id=\"433\">Informations pratiques \u2197<\/a><\/strong><\/h3>\n\n\n\n<p>Informations pratiques sur les \u00e9quipements du g\u00eete<\/p>\n<\/div>\n<\/div>\n<\/div><\/div>\n\n\n\n<div class=\"wp-block-uagb-separator uagb-block-a129a7af wp-block-uagb-separator--icon uag-hide-tab uag-hide-mob\"><div class=\"wp-block-uagb-separator__inner\" style=\"--my-background-image:\"><div class=\"wp-block-uagb-separator-element\"><svg xmlns=\"https:\/\/www.w3.org\/2000\/svg\" viewBox=\"0 0 384 512\"><path d=\"M384 48V512l-192-112L0 512V48C0 21.5 21.5 0 48 0h288C362.5 0 384 21.5 384 48z\"><\/path><\/svg><\/div><\/div><\/div>\n\n\n\n<div class=\"wp-block-group\"><div class=\"wp-block-group__inner-container is-layout-constrained wp-block-group-is-layout-constrained\">\n<div class=\"wp-block-columns alignfull is-layout-flex wp-container-core-columns-is-layout-9d6595d7 wp-block-columns-is-layout-flex\">\n<div class=\"wp-block-column is-layout-flow wp-block-column-is-layout-flow\">\n<div class=\"wp-block-uagb-image aligncenter uagb-block-3f5f0cc8 wp-block-uagb-image--layout-default wp-block-uagb-image--effect-zoomin wp-block-uagb-image--align-center\"><figure class=\"wp-block-uagb-image__figure\"><a class=\"\" href=\"http:\/\/welcome.boutdevolcan.fr\/index.php\/bienvenue\/numeros-utiles\/\" target=\"\" rel=\"noopener\"><img decoding=\"async\" srcset=\"https:\/\/welcome.boutdevolcan.fr\/wp-content\/uploads\/2023\/08\/Icon-Numero.png \" sizes=\"auto, (max-width: 480px) 150px\" src=\"https:\/\/welcome.boutdevolcan.fr\/wp-content\/uploads\/2023\/08\/Icon-Numero.png\" alt=\"Num\u00e9ros utiles\" class=\"uag-image-136\" width=\"70\" height=\"72\" title=\"\" loading=\"lazy\"\/><\/a><\/figure><\/div>\n\n\n\n<h3 class=\"wp-block-heading\" style=\"font-size:24px;line-height:1.3\"><strong><a href=\"http:\/\/welcome.boutdevolcan.fr\/index.php\/bienvenue\/numeros-utiles\/\" data-type=\"page\" data-id=\"423\">Num\u00e9ros utiles \u2197<\/a><\/strong><\/h3>\n\n\n\n<p>Quelques num\u00e9ros utiles pour contacter le propri\u00e9taire ou G\u00eetes de France (d&rsquo;autres num\u00e9ros sont disponibles dans Autour du G\u00eete)<\/p>\n<\/div>\n\n\n\n<div class=\"wp-block-column is-layout-flow wp-block-column-is-layout-flow\">\n<div class=\"wp-block-uagb-image aligncenter uagb-block-de7af8ed wp-block-uagb-image--layout-default wp-block-uagb-image--effect-zoomin wp-block-uagb-image--align-center\"><figure class=\"wp-block-uagb-image__figure\"><a class=\"\" href=\"http:\/\/welcome.boutdevolcan.fr\/index.php\/bienvenue\/avant-votre-depart\/\" target=\"\" rel=\"noopener\"><img decoding=\"async\" srcset=\"https:\/\/welcome.boutdevolcan.fr\/wp-content\/uploads\/2023\/08\/Icon-Depart.png \" sizes=\"auto, (max-width: 480px) 150px\" src=\"https:\/\/welcome.boutdevolcan.fr\/wp-content\/uploads\/2023\/08\/Icon-Depart.png\" alt=\"Informations d\u00e9part\" class=\"uag-image-117\" width=\"70\" height=\"72\" title=\"\" loading=\"lazy\"\/><\/a><\/figure><\/div>\n\n\n\n<h3 class=\"wp-block-heading\" style=\"font-size:24px;line-height:1.3\"><a href=\"http:\/\/welcome.boutdevolcan.fr\/index.php\/bienvenue\/avant-votre-depart\/\" data-type=\"page\" data-id=\"457\">Avant votre d\u00e9part <strong>\u2197<\/strong><\/a><\/h3>\n\n\n\n<p>Quelques consignes pour votre d\u00e9part<\/p>\n<\/div>\n<\/div>\n<\/div><\/div>\n","protected":false},"excerpt":{"rendered":"<p>Nous vous remercions de la confiance que vous accordez \u00e0 Gites de France et esp\u00e9rons que votre s\u00e9jour sera des plus agr\u00e9able. Vous trouverez dans ce livret d\u2019accueil digital toutes les informations pratiques et les renseignements utiles \u00e0 son bon d\u00e9roulement. Pionnier du tourisme collaboratif en gites et maison d\u2019h\u00f4tes. Gites de France d\u00e9fend et [&hellip;]<\/p>\n","protected":false},"author":1,"featured_media":0,"parent":0,"menu_order":0,"comment_status":"closed","ping_status":"closed","template":"templates\/template-full-width.php","meta":{"_uag_custom_page_level_css":"","footnotes":""},"class_list":["post-77","page","type-page","status-publish","hentry"],"uagb_featured_image_src":{"full":false,"thumbnail":false,"medium":false,"medium_large":false,"large":false,"1536x1536":false,"2048x2048":false,"post-thumbnail":false,"twentytwenty-fullscreen":false},"uagb_author_info":{"display_name":"djoannet","author_link":"https:\/\/welcome.boutdevolcan.fr\/index.php\/author\/djoannet\/"},"uagb_comment_info":0,"uagb_excerpt":"Nous vous remercions de la confiance que vous accordez \u00e0 Gites de France et esp\u00e9rons que votre s\u00e9jour sera des plus agr\u00e9able. Vous trouverez dans ce livret d\u2019accueil digital toutes les informations pratiques et les renseignements utiles \u00e0 son bon d\u00e9roulement. Pionnier du tourisme collaboratif en gites et maison d\u2019h\u00f4tes. Gites de France d\u00e9fend et\u2026","_links":{"self":[{"href":"https:\/\/welcome.boutdevolcan.fr\/index.php\/wp-json\/wp\/v2\/pages\/77","targetHints":{"allow":["GET"]}}],"collection":[{"href":"https:\/\/welcome.boutdevolcan.fr\/index.php\/wp-json\/wp\/v2\/pages"}],"about":[{"href":"https:\/\/welcome.boutdevolcan.fr\/index.php\/wp-json\/wp\/v2\/types\/page"}],"author":[{"embeddable":true,"href":"https:\/\/welcome.boutdevolcan.fr\/index.php\/wp-json\/wp\/v2\/users\/1"}],"replies":[{"embeddable":true,"href":"https:\/\/welcome.boutdevolcan.fr\/index.php\/wp-json\/wp\/v2\/comments?post=77"}],"version-history":[{"count":26,"href":"https:\/\/welcome.boutdevolcan.fr\/index.php\/wp-json\/wp\/v2\/pages\/77\/revisions"}],"predecessor-version":[{"id":523,"href":"https:\/\/welcome.boutdevolcan.fr\/index.php\/wp-json\/wp\/v2\/pages\/77\/revisions\/523"}],"wp:attachment":[{"href":"https:\/\/welcome.boutdevolcan.fr\/index.php\/wp-json\/wp\/v2\/media?parent=77"}],"curies":[{"name":"wp","href":"https:\/\/api.w.org\/{rel}","templated":true}]}}