{"id":528,"date":"2023-08-11T10:46:32","date_gmt":"2023-08-11T08:46:32","guid":{"rendered":"http:\/\/welcome.boutdevolcan.fr\/?page_id=528"},"modified":"2024-07-11T09:48:39","modified_gmt":"2024-07-11T07:48:39","slug":"transport","status":"publish","type":"page","link":"https:\/\/welcome.boutdevolcan.fr\/index.php\/bienvenue\/autour-du-gite\/transport\/","title":{"rendered":"Transport"},"content":{"rendered":"\n<div class=\"wp-block-group\"><div class=\"wp-block-group__inner-container is-layout-constrained wp-block-group-is-layout-constrained\">\n<div class=\"wp-block-columns alignfull is-layout-flex wp-container-core-columns-is-layout-9d6595d7 wp-block-columns-is-layout-flex\">\n<div class=\"wp-block-column is-layout-flow wp-block-column-is-layout-flow\">\n<div class=\"wp-block-uagb-image aligncenter uagb-block-adc876a2 wp-block-uagb-image--layout-default wp-block-uagb-image--effect-zoomin wp-block-uagb-image--align-center\"><figure class=\"wp-block-uagb-image__figure\"><img decoding=\"async\" srcset=\"https:\/\/welcome.boutdevolcan.fr\/wp-content\/uploads\/2023\/08\/Icon-Train.png \" sizes=\"auto, (max-width: 480px) 150px\" src=\"https:\/\/welcome.boutdevolcan.fr\/wp-content\/uploads\/2023\/08\/Icon-Train.png\" alt=\"Train\" class=\"uag-image-100\" width=\"70\" height=\"72\" title=\"\" loading=\"lazy\" role=\"img\"\/><\/figure><\/div>\n\n\n\n<h3 class=\"wp-block-heading\" style=\"font-size:24px;line-height:1.3\"><strong>Trains \u2197<\/strong><\/h3>\n\n\n\n<p>Gare SNCF sur la commune de Riom &#8211; <a href=\"https:\/\/www.ter.sncf.com\/auvergne-rhone-alpes\/se-deplacer\/gares\/riom-chatel-guyon-87734053\">Gare de Riom-Ch\u00e2tel-Guyon<\/a><\/p>\n\n\n\n<p>Gares SNCF sur la commune de Clermont-Ferrand <br>&#8211; <a href=\"https:\/\/www.ter.sncf.com\/auvergne-rhone-alpes\/se-deplacer\/gares\/clermont-ferrand-87734004\">Gare de Clermont-Ferrand<\/a><br>&#8211; <a href=\"https:\/\/www.ter.sncf.com\/auvergne-rhone-alpes\/se-deplacer\/gares\/clermont-la-pardieu-87782607\">Halte ferroviaire de la Pardieu<\/a><\/p>\n<\/div>\n\n\n\n<div class=\"wp-block-column is-layout-flow wp-block-column-is-layout-flow\">\n<div class=\"wp-block-uagb-image aligncenter uagb-block-2b4887b0 wp-block-uagb-image--layout-default wp-block-uagb-image--effect-zoomin wp-block-uagb-image--align-center\"><figure class=\"wp-block-uagb-image__figure\"><img decoding=\"async\" srcset=\"https:\/\/welcome.boutdevolcan.fr\/wp-content\/uploads\/2023\/08\/Icon-Tram.png \" sizes=\"auto, (max-width: 480px) 150px\" src=\"https:\/\/welcome.boutdevolcan.fr\/wp-content\/uploads\/2023\/08\/Icon-Tram.png\" alt=\"Tram\" class=\"uag-image-102\" width=\"70\" height=\"72\" title=\"\" loading=\"lazy\" role=\"img\"\/><\/figure><\/div>\n\n\n\n<h3 class=\"wp-block-heading\" style=\"font-size:24px;line-height:1.3\"><strong>Tramway \u2197<\/strong><\/h3>\n\n\n\n<p>Le tramway traverse Clermont-Ferrand sur une ligne unique (ligne A). <\/p>\n\n\n\n<p>Un parking relais est situ\u00e9 au niveau de l&rsquo;hypermarch\u00e9 Auchan situ\u00e9 rue du Torpilleur Siroco.<\/p>\n\n\n\n<p>Plus d&rsquo;informations sur le site de la <a href=\"https:\/\/www.t2c.fr\/\">T2C<\/a>.<\/p>\n<\/div>\n<\/div>\n<\/div><\/div>\n\n\n\n<div class=\"wp-block-uagb-separator uagb-block-e16040e7 wp-block-uagb-separator--icon uag-hide-tab uag-hide-mob\"><div class=\"wp-block-uagb-separator__inner\" style=\"--my-background-image:\"><div class=\"wp-block-uagb-separator-element\"><svg xmlns=\"https:\/\/www.w3.org\/2000\/svg\" viewBox=\"0 0 384 512\"><path d=\"M384 48V512l-192-112L0 512V48C0 21.5 21.5 0 48 0h288C362.5 0 384 21.5 384 48z\"><\/path><\/svg><\/div><\/div><\/div>\n\n\n\n<div class=\"wp-block-group\"><div class=\"wp-block-group__inner-container is-layout-constrained wp-block-group-is-layout-constrained\">\n<div class=\"wp-block-columns alignfull is-layout-flex wp-container-core-columns-is-layout-9d6595d7 wp-block-columns-is-layout-flex\">\n<div class=\"wp-block-column is-layout-flow wp-block-column-is-layout-flow\">\n<div class=\"wp-block-uagb-image aligncenter uagb-block-06454c80 wp-block-uagb-image--layout-default wp-block-uagb-image--effect-zoomin wp-block-uagb-image--align-center\"><figure class=\"wp-block-uagb-image__figure\"><img decoding=\"async\" srcset=\"https:\/\/welcome.boutdevolcan.fr\/wp-content\/uploads\/2023\/08\/Icon-Bus.png \" sizes=\"auto, (max-width: 480px) 150px\" src=\"https:\/\/welcome.boutdevolcan.fr\/wp-content\/uploads\/2023\/08\/Icon-Bus.png\" alt=\"Bus\" class=\"uag-image-103\" width=\"70\" height=\"72\" title=\"\" loading=\"lazy\" role=\"img\"\/><\/figure><\/div>\n\n\n\n<h3 class=\"wp-block-heading\" style=\"font-size:24px;line-height:1.3\"><strong>Bus \u2197<\/strong><\/h3>\n\n\n\n<p>Possibilit\u00e9 de prendre le bus depuis C\u00e9bazat.<\/p>\n\n\n\n<p>Le m\u00eame ticket peut \u00eatre utilis\u00e9 pour ensuite prendre le tramway. <\/p>\n\n\n\n<p>Parking relais disponible entre les arr\u00eats Coutils et Chamcros. <\/p>\n\n\n\n<p>Possibilit\u00e9 \u00e9galement de se garer place de la commune, et prendre le bus \u00e0 l&rsquo;arr\u00eat Les perches.<\/p>\n\n\n\n<p>Plus d&rsquo;informations sur le site de la <a href=\"https:\/\/www.t2c.fr\/\">T2C.<\/a><\/p>\n<\/div>\n\n\n\n<div class=\"wp-block-column is-layout-flow wp-block-column-is-layout-flow\">\n<div class=\"wp-block-uagb-image aligncenter uagb-block-03986765 wp-block-uagb-image--layout-default wp-block-uagb-image--effect-zoomin wp-block-uagb-image--align-center\"><figure class=\"wp-block-uagb-image__figure\"><img decoding=\"async\" srcset=\"https:\/\/welcome.boutdevolcan.fr\/wp-content\/uploads\/2023\/08\/Icon-Avion.png \" sizes=\"auto, (max-width: 480px) 150px\" src=\"https:\/\/welcome.boutdevolcan.fr\/wp-content\/uploads\/2023\/08\/Icon-Avion.png\" alt=\"A\u00e9roport\" class=\"uag-image-99\" width=\"70\" height=\"72\" title=\"\" loading=\"lazy\" role=\"img\"\/><\/figure><\/div>\n\n\n\n<h3 class=\"wp-block-heading\" style=\"font-size:24px;line-height:1.3\">A\u00e9roport <strong>\u2197<\/strong><\/h3>\n\n\n\n<p>L&rsquo;a\u00e9roport de Clermont-Ferrand est situ\u00e9 sur la commune d&rsquo;Aulnat. <\/p>\n\n\n\n<p>Plus d&rsquo;informations sur le <a href=\"https:\/\/www.clermont-aeroport.com\/\">site officiel.<\/a><\/p>\n<\/div>\n<\/div>\n<\/div><\/div>\n","protected":false},"excerpt":{"rendered":"<p>Trains \u2197 Gare SNCF sur la commune de Riom &#8211; Gare de Riom-Ch\u00e2tel-Guyon Gares SNCF sur la commune de Clermont-Ferrand &#8211; Gare de Clermont-Ferrand&#8211; Halte ferroviaire de la Pardieu Tramway \u2197 Le tramway traverse Clermont-Ferrand sur une ligne unique (ligne A). Un parking relais est situ\u00e9 au niveau de l&rsquo;hypermarch\u00e9 Auchan situ\u00e9 rue du Torpilleur [&hellip;]<\/p>\n","protected":false},"author":1,"featured_media":0,"parent":501,"menu_order":10,"comment_status":"closed","ping_status":"closed","template":"","meta":{"_uag_custom_page_level_css":"","footnotes":""},"class_list":["post-528","page","type-page","status-publish","hentry"],"uagb_featured_image_src":{"full":false,"thumbnail":false,"medium":false,"medium_large":false,"large":false,"1536x1536":false,"2048x2048":false,"post-thumbnail":false,"twentytwenty-fullscreen":false},"uagb_author_info":{"display_name":"djoannet","author_link":"https:\/\/welcome.boutdevolcan.fr\/index.php\/author\/djoannet\/"},"uagb_comment_info":0,"uagb_excerpt":"Trains \u2197 Gare SNCF sur la commune de Riom &#8211; Gare de Riom-Ch\u00e2tel-Guyon Gares SNCF sur la commune de Clermont-Ferrand &#8211; Gare de Clermont-Ferrand&#8211; Halte ferroviaire de la Pardieu Tramway \u2197 Le tramway traverse Clermont-Ferrand sur une ligne unique (ligne A). Un parking relais est situ\u00e9 au niveau de l&rsquo;hypermarch\u00e9 Auchan situ\u00e9 rue du Torpilleur\u2026","_links":{"self":[{"href":"https:\/\/welcome.boutdevolcan.fr\/index.php\/wp-json\/wp\/v2\/pages\/528","targetHints":{"allow":["GET"]}}],"collection":[{"href":"https:\/\/welcome.boutdevolcan.fr\/index.php\/wp-json\/wp\/v2\/pages"}],"about":[{"href":"https:\/\/welcome.boutdevolcan.fr\/index.php\/wp-json\/wp\/v2\/types\/page"}],"author":[{"embeddable":true,"href":"https:\/\/welcome.boutdevolcan.fr\/index.php\/wp-json\/wp\/v2\/users\/1"}],"replies":[{"embeddable":true,"href":"https:\/\/welcome.boutdevolcan.fr\/index.php\/wp-json\/wp\/v2\/comments?post=528"}],"version-history":[{"count":8,"href":"https:\/\/welcome.boutdevolcan.fr\/index.php\/wp-json\/wp\/v2\/pages\/528\/revisions"}],"predecessor-version":[{"id":547,"href":"https:\/\/welcome.boutdevolcan.fr\/index.php\/wp-json\/wp\/v2\/pages\/528\/revisions\/547"}],"up":[{"embeddable":true,"href":"https:\/\/welcome.boutdevolcan.fr\/index.php\/wp-json\/wp\/v2\/pages\/501"}],"wp:attachment":[{"href":"https:\/\/welcome.boutdevolcan.fr\/index.php\/wp-json\/wp\/v2\/media?parent=528"}],"curies":[{"name":"wp","href":"https:\/\/api.w.org\/{rel}","templated":true}]}}