{"id":495,"date":"2023-08-10T16:32:27","date_gmt":"2023-08-10T14:32:27","guid":{"rendered":"http:\/\/welcome.boutdevolcan.fr\/?page_id=495"},"modified":"2023-08-11T10:21:33","modified_gmt":"2023-08-11T08:21:33","slug":"electromenager","status":"publish","type":"page","link":"https:\/\/welcome.boutdevolcan.fr\/index.php\/bienvenue\/informations-pratiques\/electromenager\/","title":{"rendered":"Electrom\u00e9nager"},"content":{"rendered":"\n<p>Vous pourrez trouver dans le g\u00eete diff\u00e9rents appareils \u00e9lectrom\u00e9nager. Les notices d&rsquo;utilisation se trouvent dans le g\u00eete. En cas d&rsquo;absence, n&rsquo;h\u00e9sitez pas \u00e0 nous le signaler. <\/p>\n\n\n\n<p>Quelques informations \u00e0 savoir :<\/p>\n\n\n\n<div class=\"wp-block-uagb-icon-list uagb-block-02780dea\"><div class=\"uagb-icon-list__wrap\">\n<div class=\"wp-block-uagb-icon-list-child uagb-block-bf33d04c\"><span class=\"uagb-icon-list__source-wrap\"><svg xmlns=\"https:\/\/www.w3.org\/2000\/svg\" viewBox=\"0 0 576 512\"><path d=\"M575.8 255.5C575.8 273.5 560.8 287.6 543.8 287.6H511.8L512.5 447.7C512.5 450.5 512.3 453.1 512 455.8V472C512 494.1 494.1 512 472 512H456C454.9 512 453.8 511.1 452.7 511.9C451.3 511.1 449.9 512 448.5 512H392C369.9 512 352 494.1 352 472V384C352 366.3 337.7 352 320 352H256C238.3 352 224 366.3 224 384V472C224 494.1 206.1 512 184 512H128.1C126.6 512 125.1 511.9 123.6 511.8C122.4 511.9 121.2 512 120 512H104C81.91 512 64 494.1 64 472V360C64 359.1 64.03 358.1 64.09 357.2V287.6H32.05C14.02 287.6 0 273.5 0 255.5C0 246.5 3.004 238.5 10.01 231.5L266.4 8.016C273.4 1.002 281.4 0 288.4 0C295.4 0 303.4 2.004 309.5 7.014L564.8 231.5C572.8 238.5 576.9 246.5 575.8 255.5L575.8 255.5z\"><\/path><\/svg><\/span><span class=\"uagb-icon-list__label\">L&rsquo;aspirateur de marque Dyson ne tient pas longtemps en mode pleine puissance (Max), pour pouvoir passer l&rsquo;aspirateur sur l&rsquo;ensemble du g\u00eete, il est pr\u00e9f\u00e9rable de le laisser en puissance normale. <\/span><\/div>\n\n\n\n<div class=\"wp-block-uagb-icon-list-child uagb-block-31c1b248\"><span class=\"uagb-icon-list__source-wrap\"><svg xmlns=\"https:\/\/www.w3.org\/2000\/svg\" viewBox=\"0 0 576 512\"><path d=\"M575.8 255.5C575.8 273.5 560.8 287.6 543.8 287.6H511.8L512.5 447.7C512.5 450.5 512.3 453.1 512 455.8V472C512 494.1 494.1 512 472 512H456C454.9 512 453.8 511.1 452.7 511.9C451.3 511.1 449.9 512 448.5 512H392C369.9 512 352 494.1 352 472V384C352 366.3 337.7 352 320 352H256C238.3 352 224 366.3 224 384V472C224 494.1 206.1 512 184 512H128.1C126.6 512 125.1 511.9 123.6 511.8C122.4 511.9 121.2 512 120 512H104C81.91 512 64 494.1 64 472V360C64 359.1 64.03 358.1 64.09 357.2V287.6H32.05C14.02 287.6 0 273.5 0 255.5C0 246.5 3.004 238.5 10.01 231.5L266.4 8.016C273.4 1.002 281.4 0 288.4 0C295.4 0 303.4 2.004 309.5 7.014L564.8 231.5C572.8 238.5 576.9 246.5 575.8 255.5L575.8 255.5z\"><\/path><\/svg><\/span><span class=\"uagb-icon-list__label\">Le lave vaisselle s&rsquo;ouvre une fois le cycle termin\u00e9, c&rsquo;est le fonctionnement attendu de ce dernier. <\/span><\/div>\n\n\n\n<div class=\"wp-block-uagb-icon-list-child uagb-block-ea0a3645\"><span class=\"uagb-icon-list__source-wrap\"><svg xmlns=\"https:\/\/www.w3.org\/2000\/svg\" viewBox=\"0 0 576 512\"><path d=\"M575.8 255.5C575.8 273.5 560.8 287.6 543.8 287.6H511.8L512.5 447.7C512.5 450.5 512.3 453.1 512 455.8V472C512 494.1 494.1 512 472 512H456C454.9 512 453.8 511.1 452.7 511.9C451.3 511.1 449.9 512 448.5 512H392C369.9 512 352 494.1 352 472V384C352 366.3 337.7 352 320 352H256C238.3 352 224 366.3 224 384V472C224 494.1 206.1 512 184 512H128.1C126.6 512 125.1 511.9 123.6 511.8C122.4 511.9 121.2 512 120 512H104C81.91 512 64 494.1 64 472V360C64 359.1 64.03 358.1 64.09 357.2V287.6H32.05C14.02 287.6 0 273.5 0 255.5C0 246.5 3.004 238.5 10.01 231.5L266.4 8.016C273.4 1.002 281.4 0 288.4 0C295.4 0 303.4 2.004 309.5 7.014L564.8 231.5C572.8 238.5 576.9 246.5 575.8 255.5L575.8 255.5z\"><\/path><\/svg><\/span><span class=\"uagb-icon-list__label\">Afin de ne pas endommager le lave linge, veuillez \u00e9viter de le sur charger<\/span><\/div>\n<\/div><\/div>\n","protected":false},"excerpt":{"rendered":"<p>Vous pourrez trouver dans le g\u00eete diff\u00e9rents appareils \u00e9lectrom\u00e9nager. Les notices d&rsquo;utilisation se trouvent dans le g\u00eete. En cas d&rsquo;absence, n&rsquo;h\u00e9sitez pas \u00e0 nous le signaler. Quelques informations \u00e0 savoir :<\/p>\n","protected":false},"author":1,"featured_media":0,"parent":433,"menu_order":10,"comment_status":"closed","ping_status":"closed","template":"","meta":{"_uag_custom_page_level_css":"","footnotes":""},"class_list":["post-495","page","type-page","status-publish","hentry"],"uagb_featured_image_src":{"full":false,"thumbnail":false,"medium":false,"medium_large":false,"large":false,"1536x1536":false,"2048x2048":false,"post-thumbnail":false,"twentytwenty-fullscreen":false},"uagb_author_info":{"display_name":"djoannet","author_link":"https:\/\/welcome.boutdevolcan.fr\/index.php\/author\/djoannet\/"},"uagb_comment_info":0,"uagb_excerpt":"Vous pourrez trouver dans le g\u00eete diff\u00e9rents appareils \u00e9lectrom\u00e9nager. Les notices d&rsquo;utilisation se trouvent dans le g\u00eete. En cas d&rsquo;absence, n&rsquo;h\u00e9sitez pas \u00e0 nous le signaler. Quelques informations \u00e0 savoir :","_links":{"self":[{"href":"https:\/\/welcome.boutdevolcan.fr\/index.php\/wp-json\/wp\/v2\/pages\/495","targetHints":{"allow":["GET"]}}],"collection":[{"href":"https:\/\/welcome.boutdevolcan.fr\/index.php\/wp-json\/wp\/v2\/pages"}],"about":[{"href":"https:\/\/welcome.boutdevolcan.fr\/index.php\/wp-json\/wp\/v2\/types\/page"}],"author":[{"embeddable":true,"href":"https:\/\/welcome.boutdevolcan.fr\/index.php\/wp-json\/wp\/v2\/users\/1"}],"replies":[{"embeddable":true,"href":"https:\/\/welcome.boutdevolcan.fr\/index.php\/wp-json\/wp\/v2\/comments?post=495"}],"version-history":[{"count":1,"href":"https:\/\/welcome.boutdevolcan.fr\/index.php\/wp-json\/wp\/v2\/pages\/495\/revisions"}],"predecessor-version":[{"id":496,"href":"https:\/\/welcome.boutdevolcan.fr\/index.php\/wp-json\/wp\/v2\/pages\/495\/revisions\/496"}],"up":[{"embeddable":true,"href":"https:\/\/welcome.boutdevolcan.fr\/index.php\/wp-json\/wp\/v2\/pages\/433"}],"wp:attachment":[{"href":"https:\/\/welcome.boutdevolcan.fr\/index.php\/wp-json\/wp\/v2\/media?parent=495"}],"curies":[{"name":"wp","href":"https:\/\/api.w.org\/{rel}","templated":true}]}}