{"id":478,"date":"2023-08-10T16:15:47","date_gmt":"2023-08-10T14:15:47","guid":{"rendered":"http:\/\/welcome.boutdevolcan.fr\/?page_id=478"},"modified":"2023-08-10T16:38:02","modified_gmt":"2023-08-10T14:38:02","slug":"poubelles","status":"publish","type":"page","link":"https:\/\/welcome.boutdevolcan.fr\/index.php\/bienvenue\/informations-pratiques\/poubelles\/","title":{"rendered":"Poubelles"},"content":{"rendered":"\n<p class=\"has-drop-cap\">La communaut\u00e9 de communes de Clermont-Ferrand organise un tri des d\u00e9chets.Vous avez sous l&rsquo;\u00e9vier de la cuisine plusieurs poubelles vous permettant de suivre les consignes suivantes :<\/p>\n\n\n\n<div class=\"wp-block-group has-background is-horizontal is-layout-flex wp-block-group-is-layout-flex\" style=\"background-color:#e4d773\">\n<p><strong>D\u00e9posez-les EN VRAC dans le bac \u00e0 couvercle jaune <\/strong>situ\u00e9 \u00e0 c\u00f4t\u00e9 de la place de stationnement<\/p>\n\n\n\n<div class=\"wp-block-group is-vertical is-layout-flex wp-container-core-group-is-layout-8cf370e7 wp-block-group-is-layout-flex\">\n<figure class=\"wp-block-image size-full\"><img loading=\"lazy\" decoding=\"async\" width=\"150\" height=\"150\" src=\"http:\/\/welcome.boutdevolcan.fr\/wp-content\/uploads\/2023\/08\/papierscartons.jpg\" alt=\"\" class=\"wp-image-479\"\/><\/figure>\n\n\n\n<p>Papiers, cartons,<br>journaux, briques<\/p>\n<\/div>\n\n\n\n<div class=\"wp-block-group is-vertical is-layout-flex wp-container-core-group-is-layout-8cf370e7 wp-block-group-is-layout-flex\">\n<figure class=\"wp-block-image size-full\"><img loading=\"lazy\" decoding=\"async\" width=\"150\" height=\"150\" src=\"http:\/\/welcome.boutdevolcan.fr\/wp-content\/uploads\/2023\/08\/boitesmetalliques.jpg\" alt=\"\" class=\"wp-image-480\"\/><\/figure>\n\n\n\n<p>Bo\u00eetes m\u00e9talliques,<br>a\u00e9rosols<\/p>\n<\/div>\n\n\n\n<div class=\"wp-block-group is-vertical is-layout-flex wp-container-core-group-is-layout-8cf370e7 wp-block-group-is-layout-flex\">\n<figure class=\"wp-block-image size-full\"><img loading=\"lazy\" decoding=\"async\" width=\"150\" height=\"150\" src=\"http:\/\/welcome.boutdevolcan.fr\/wp-content\/uploads\/2023\/08\/bouteillesplastiques.png\" alt=\"\" class=\"wp-image-481\"\/><\/figure>\n\n\n\n<p>Bouteilles et tubes<br>en plastiques<\/p>\n<\/div>\n\n\n\n<div class=\"wp-block-group is-vertical is-layout-flex wp-container-core-group-is-layout-8cf370e7 wp-block-group-is-layout-flex\">\n<figure class=\"wp-block-image size-full\"><img loading=\"lazy\" decoding=\"async\" width=\"150\" height=\"150\" src=\"http:\/\/welcome.boutdevolcan.fr\/wp-content\/uploads\/2023\/08\/potsbarquettes.jpg\" alt=\"\" class=\"wp-image-482\"\/><\/figure>\n\n\n\n<p>Pots et barquette<\/p>\n<\/div>\n\n\n\n<div class=\"wp-block-group is-vertical is-layout-flex wp-container-core-group-is-layout-8cf370e7 wp-block-group-is-layout-flex\">\n<figure class=\"wp-block-image size-full\"><img loading=\"lazy\" decoding=\"async\" width=\"150\" height=\"150\" src=\"http:\/\/welcome.boutdevolcan.fr\/wp-content\/uploads\/2023\/08\/Emballages-metal.png\" alt=\"\" class=\"wp-image-483\"\/><\/figure>\n\n\n\n<p>Petits emballages<br>en m\u00e9tal, capsules,<br>couvercles, feuilles<br>d&rsquo;aluminium<\/p>\n<\/div>\n\n\n\n<div class=\"wp-block-group is-vertical is-layout-flex wp-container-core-group-is-layout-8cf370e7 wp-block-group-is-layout-flex\">\n<figure class=\"wp-block-image size-full\"><img loading=\"lazy\" decoding=\"async\" width=\"150\" height=\"150\" src=\"http:\/\/welcome.boutdevolcan.fr\/wp-content\/uploads\/2023\/08\/FilmsPlastiques.png\" alt=\"\" class=\"wp-image-484\"\/><\/figure>\n\n\n\n<p>Sacs, sachets et films<br>plastiques<\/p>\n<\/div>\n<\/div>\n\n\n\n<div class=\"wp-block-group has-primary-background-color has-background is-horizontal is-layout-flex wp-block-group-is-layout-flex\">\n<p><strong>A envelopper dans un sac<\/strong> avant de les d\u00e9poser dans le <strong>bac \u00e0 couvercle noir<\/strong> situ\u00e9 \u00e0 c\u00f4t\u00e9 de la place de stationnement.<\/p>\n\n\n\n<div class=\"wp-block-group is-vertical is-layout-flex wp-container-core-group-is-layout-8cf370e7 wp-block-group-is-layout-flex\">\n<figure class=\"wp-block-image size-full\"><img loading=\"lazy\" decoding=\"async\" width=\"150\" height=\"150\" src=\"http:\/\/welcome.boutdevolcan.fr\/wp-content\/uploads\/2023\/08\/PetitsObjetsPlastiques.png\" alt=\"\" class=\"wp-image-485\"\/><\/figure>\n\n\n\n<p>Les petits objets<br>en plastique<\/p>\n<\/div>\n\n\n\n<div class=\"wp-block-group is-vertical is-layout-flex wp-container-core-group-is-layout-8cf370e7 wp-block-group-is-layout-flex\">\n<figure class=\"wp-block-image size-full\"><img loading=\"lazy\" decoding=\"async\" width=\"150\" height=\"150\" src=\"http:\/\/welcome.boutdevolcan.fr\/wp-content\/uploads\/2023\/08\/DechetsHygiene.png\" alt=\"\" class=\"wp-image-486\"\/><\/figure>\n\n\n\n<p>D\u00e9chets d&rsquo;hygi\u00e8ne<\/p>\n<\/div>\n\n\n\n<div class=\"wp-block-group is-vertical is-layout-flex wp-container-core-group-is-layout-8cf370e7 wp-block-group-is-layout-flex\">\n<figure class=\"wp-block-image size-full\"><img loading=\"lazy\" decoding=\"async\" width=\"150\" height=\"150\" src=\"http:\/\/welcome.boutdevolcan.fr\/wp-content\/uploads\/2023\/08\/peluresfruits.jpg\" alt=\"\" class=\"wp-image-487\"\/><\/figure>\n\n\n\n<p>Bio d\u00e9chets<\/p>\n<\/div>\n\n\n\n<div class=\"wp-block-group is-vertical is-layout-flex wp-container-core-group-is-layout-8cf370e7 wp-block-group-is-layout-flex\">\n<figure class=\"wp-block-image size-full\"><img loading=\"lazy\" decoding=\"async\" width=\"150\" height=\"150\" src=\"http:\/\/welcome.boutdevolcan.fr\/wp-content\/uploads\/2023\/08\/mouchoir.jpg\" alt=\"\" class=\"wp-image-488\"\/><\/figure>\n\n\n\n<p>Mouchoirs<\/p>\n<\/div>\n<\/div>\n\n\n\n<div class=\"wp-block-group has-accent-background-color has-background is-horizontal is-layout-flex wp-block-group-is-layout-flex\">\n<p><strong>A d\u00e9poser dans la caisse en plastique au pied des bacs <\/strong>situ\u00e9s \u00e0 c\u00f4t\u00e9 de la place de stationnement.<\/p>\n\n\n\n<div class=\"wp-block-group is-vertical is-layout-flex wp-container-core-group-is-layout-8cf370e7 wp-block-group-is-layout-flex\">\n<figure class=\"wp-block-image size-full\"><img loading=\"lazy\" decoding=\"async\" width=\"150\" height=\"150\" src=\"http:\/\/welcome.boutdevolcan.fr\/wp-content\/uploads\/2023\/08\/potsbocaux.jpg\" alt=\"\" class=\"wp-image-489\"\/><\/figure>\n\n\n\n<p>Pots<br>et bocaux<\/p>\n<\/div>\n\n\n\n<div class=\"wp-block-group is-vertical is-layout-flex wp-container-core-group-is-layout-8cf370e7 wp-block-group-is-layout-flex\">\n<figure class=\"wp-block-image size-full\"><img loading=\"lazy\" decoding=\"async\" width=\"150\" height=\"150\" src=\"http:\/\/welcome.boutdevolcan.fr\/wp-content\/uploads\/2023\/08\/bouteilles.jpg\" alt=\"\" class=\"wp-image-490\"\/><\/figure>\n\n\n\n<p>Bouteilles<br>en verre<\/p>\n<\/div>\n<\/div>\n\n\n\n<p class=\"has-subtle-background-background-color has-background\">Le bac avec un couvercle vert ne sera pas utilis\u00e9 pendant votre s\u00e9jour.<\/p>\n","protected":false},"excerpt":{"rendered":"<p>La communaut\u00e9 de communes de Clermont-Ferrand organise un tri des d\u00e9chets.Vous avez sous l&rsquo;\u00e9vier de la cuisine plusieurs poubelles vous permettant de suivre les consignes suivantes : D\u00e9posez-les EN VRAC dans le bac \u00e0 couvercle jaune situ\u00e9 \u00e0 c\u00f4t\u00e9 de la place de stationnement Papiers, cartons,journaux, briques Bo\u00eetes m\u00e9talliques,a\u00e9rosols Bouteilles et tubesen plastiques Pots et [&hellip;]<\/p>\n","protected":false},"author":1,"featured_media":0,"parent":433,"menu_order":30,"comment_status":"closed","ping_status":"closed","template":"","meta":{"_uag_custom_page_level_css":"","footnotes":""},"class_list":["post-478","page","type-page","status-publish","hentry"],"uagb_featured_image_src":{"full":false,"thumbnail":false,"medium":false,"medium_large":false,"large":false,"1536x1536":false,"2048x2048":false,"post-thumbnail":false,"twentytwenty-fullscreen":false},"uagb_author_info":{"display_name":"djoannet","author_link":"https:\/\/welcome.boutdevolcan.fr\/index.php\/author\/djoannet\/"},"uagb_comment_info":0,"uagb_excerpt":"La communaut\u00e9 de communes de Clermont-Ferrand organise un tri des d\u00e9chets.Vous avez sous l&rsquo;\u00e9vier de la cuisine plusieurs poubelles vous permettant de suivre les consignes suivantes : D\u00e9posez-les EN VRAC dans le bac \u00e0 couvercle jaune situ\u00e9 \u00e0 c\u00f4t\u00e9 de la place de stationnement Papiers, cartons,journaux, briques Bo\u00eetes m\u00e9talliques,a\u00e9rosols Bouteilles et tubesen plastiques Pots et\u2026","_links":{"self":[{"href":"https:\/\/welcome.boutdevolcan.fr\/index.php\/wp-json\/wp\/v2\/pages\/478","targetHints":{"allow":["GET"]}}],"collection":[{"href":"https:\/\/welcome.boutdevolcan.fr\/index.php\/wp-json\/wp\/v2\/pages"}],"about":[{"href":"https:\/\/welcome.boutdevolcan.fr\/index.php\/wp-json\/wp\/v2\/types\/page"}],"author":[{"embeddable":true,"href":"https:\/\/welcome.boutdevolcan.fr\/index.php\/wp-json\/wp\/v2\/users\/1"}],"replies":[{"embeddable":true,"href":"https:\/\/welcome.boutdevolcan.fr\/index.php\/wp-json\/wp\/v2\/comments?post=478"}],"version-history":[{"count":2,"href":"https:\/\/welcome.boutdevolcan.fr\/index.php\/wp-json\/wp\/v2\/pages\/478\/revisions"}],"predecessor-version":[{"id":500,"href":"https:\/\/welcome.boutdevolcan.fr\/index.php\/wp-json\/wp\/v2\/pages\/478\/revisions\/500"}],"up":[{"embeddable":true,"href":"https:\/\/welcome.boutdevolcan.fr\/index.php\/wp-json\/wp\/v2\/pages\/433"}],"wp:attachment":[{"href":"https:\/\/welcome.boutdevolcan.fr\/index.php\/wp-json\/wp\/v2\/media?parent=478"}],"curies":[{"name":"wp","href":"https:\/\/api.w.org\/{rel}","templated":true}]}}