{"id":470,"date":"2023-08-10T13:00:17","date_gmt":"2023-08-10T11:00:17","guid":{"rendered":"http:\/\/welcome.boutdevolcan.fr\/?page_id=470"},"modified":"2023-08-10T13:00:17","modified_gmt":"2023-08-10T11:00:17","slug":"menage","status":"publish","type":"page","link":"https:\/\/welcome.boutdevolcan.fr\/index.php\/bienvenue\/informations-pratiques\/menage\/","title":{"rendered":"M\u00e9nage"},"content":{"rendered":"\n<p>Sauf exception pr\u00e9cis\u00e9 lors du contrat de location, la prestation de m\u00e9nage est incluse dans votre location.<\/p>\n\n\n\n<p>Il ne vous reste plus qu\u2019\u00e0\u2026<\/p>\n\n\n\n<ul class=\"wp-block-list\">\n<li>Passer un petit coup de balai dans le g\u00eete&nbsp;<\/li>\n\n\n\n<li>Laver et ranger la vaisselle propre ainsi que les ustensiles de cuisine&nbsp;<\/li>\n\n\n\n<li>Essuyer la table des repas&nbsp;<\/li>\n\n\n\n<li>D\u00e9faire les draps et les d\u00e9poser aux pied des lits<\/li>\n\n\n\n<li>Vider et mettre les poubelles dans le container (en pensant au tri s\u00e9lectif)\u00a0<\/li>\n<\/ul>\n\n\n\n<p><\/p>\n","protected":false},"excerpt":{"rendered":"<p>Sauf exception pr\u00e9cis\u00e9 lors du contrat de location, la prestation de m\u00e9nage est incluse dans votre location. Il ne vous reste plus qu\u2019\u00e0\u2026<\/p>\n","protected":false},"author":1,"featured_media":0,"parent":433,"menu_order":50,"comment_status":"closed","ping_status":"closed","template":"","meta":{"_uag_custom_page_level_css":"","footnotes":""},"class_list":["post-470","page","type-page","status-publish","hentry"],"uagb_featured_image_src":{"full":false,"thumbnail":false,"medium":false,"medium_large":false,"large":false,"1536x1536":false,"2048x2048":false,"post-thumbnail":false,"twentytwenty-fullscreen":false},"uagb_author_info":{"display_name":"djoannet","author_link":"https:\/\/welcome.boutdevolcan.fr\/index.php\/author\/djoannet\/"},"uagb_comment_info":0,"uagb_excerpt":"Sauf exception pr\u00e9cis\u00e9 lors du contrat de location, la prestation de m\u00e9nage est incluse dans votre location. Il ne vous reste plus qu\u2019\u00e0\u2026","_links":{"self":[{"href":"https:\/\/welcome.boutdevolcan.fr\/index.php\/wp-json\/wp\/v2\/pages\/470","targetHints":{"allow":["GET"]}}],"collection":[{"href":"https:\/\/welcome.boutdevolcan.fr\/index.php\/wp-json\/wp\/v2\/pages"}],"about":[{"href":"https:\/\/welcome.boutdevolcan.fr\/index.php\/wp-json\/wp\/v2\/types\/page"}],"author":[{"embeddable":true,"href":"https:\/\/welcome.boutdevolcan.fr\/index.php\/wp-json\/wp\/v2\/users\/1"}],"replies":[{"embeddable":true,"href":"https:\/\/welcome.boutdevolcan.fr\/index.php\/wp-json\/wp\/v2\/comments?post=470"}],"version-history":[{"count":1,"href":"https:\/\/welcome.boutdevolcan.fr\/index.php\/wp-json\/wp\/v2\/pages\/470\/revisions"}],"predecessor-version":[{"id":471,"href":"https:\/\/welcome.boutdevolcan.fr\/index.php\/wp-json\/wp\/v2\/pages\/470\/revisions\/471"}],"up":[{"embeddable":true,"href":"https:\/\/welcome.boutdevolcan.fr\/index.php\/wp-json\/wp\/v2\/pages\/433"}],"wp:attachment":[{"href":"https:\/\/welcome.boutdevolcan.fr\/index.php\/wp-json\/wp\/v2\/media?parent=470"}],"curies":[{"name":"wp","href":"https:\/\/api.w.org\/{rel}","templated":true}]}}