{"id":465,"date":"2023-08-10T12:54:39","date_gmt":"2023-08-10T10:54:39","guid":{"rendered":"http:\/\/welcome.boutdevolcan.fr\/?page_id=465"},"modified":"2023-08-10T12:54:39","modified_gmt":"2023-08-10T10:54:39","slug":"chauffage","status":"publish","type":"page","link":"https:\/\/welcome.boutdevolcan.fr\/index.php\/bienvenue\/informations-pratiques\/chauffage\/","title":{"rendered":"Chauffage"},"content":{"rendered":"\n<p>Dans un soucis de respect de l\u2019environnement, le chauffage du g\u00eete est  r\u00e9gl\u00e9 en automatique en fonction des recommandations de l\u2019Ademe. <\/p>\n\n\n\n<figure class=\"wp-block-image size-full\"><img loading=\"lazy\" decoding=\"async\" width=\"544\" height=\"447\" src=\"http:\/\/welcome.boutdevolcan.fr\/wp-content\/uploads\/2023\/08\/image-1.png\" alt=\"\" class=\"wp-image-466\" srcset=\"https:\/\/welcome.boutdevolcan.fr\/wp-content\/uploads\/2023\/08\/image-1.png 544w, https:\/\/welcome.boutdevolcan.fr\/wp-content\/uploads\/2023\/08\/image-1-300x247.png 300w\" sizes=\"auto, (max-width: 544px) 100vw, 544px\" \/><\/figure>\n\n\n\n<p>Si vous souhaitez augmenter ces temp\u00e9ratures, veuillez bien vouloir contacter le propri\u00e9taire. <\/p>\n","protected":false},"excerpt":{"rendered":"<p>Dans un soucis de respect de l\u2019environnement, le chauffage du g\u00eete est r\u00e9gl\u00e9 en automatique en fonction des recommandations de l\u2019Ademe. Si vous souhaitez augmenter ces temp\u00e9ratures, veuillez bien vouloir contacter le propri\u00e9taire.<\/p>\n","protected":false},"author":1,"featured_media":0,"parent":433,"menu_order":60,"comment_status":"closed","ping_status":"closed","template":"","meta":{"_uag_custom_page_level_css":"","footnotes":""},"class_list":["post-465","page","type-page","status-publish","hentry"],"uagb_featured_image_src":{"full":false,"thumbnail":false,"medium":false,"medium_large":false,"large":false,"1536x1536":false,"2048x2048":false,"post-thumbnail":false,"twentytwenty-fullscreen":false},"uagb_author_info":{"display_name":"djoannet","author_link":"https:\/\/welcome.boutdevolcan.fr\/index.php\/author\/djoannet\/"},"uagb_comment_info":0,"uagb_excerpt":"Dans un soucis de respect de l\u2019environnement, le chauffage du g\u00eete est r\u00e9gl\u00e9 en automatique en fonction des recommandations de l\u2019Ademe. Si vous souhaitez augmenter ces temp\u00e9ratures, veuillez bien vouloir contacter le propri\u00e9taire.","_links":{"self":[{"href":"https:\/\/welcome.boutdevolcan.fr\/index.php\/wp-json\/wp\/v2\/pages\/465","targetHints":{"allow":["GET"]}}],"collection":[{"href":"https:\/\/welcome.boutdevolcan.fr\/index.php\/wp-json\/wp\/v2\/pages"}],"about":[{"href":"https:\/\/welcome.boutdevolcan.fr\/index.php\/wp-json\/wp\/v2\/types\/page"}],"author":[{"embeddable":true,"href":"https:\/\/welcome.boutdevolcan.fr\/index.php\/wp-json\/wp\/v2\/users\/1"}],"replies":[{"embeddable":true,"href":"https:\/\/welcome.boutdevolcan.fr\/index.php\/wp-json\/wp\/v2\/comments?post=465"}],"version-history":[{"count":1,"href":"https:\/\/welcome.boutdevolcan.fr\/index.php\/wp-json\/wp\/v2\/pages\/465\/revisions"}],"predecessor-version":[{"id":467,"href":"https:\/\/welcome.boutdevolcan.fr\/index.php\/wp-json\/wp\/v2\/pages\/465\/revisions\/467"}],"up":[{"embeddable":true,"href":"https:\/\/welcome.boutdevolcan.fr\/index.php\/wp-json\/wp\/v2\/pages\/433"}],"wp:attachment":[{"href":"https:\/\/welcome.boutdevolcan.fr\/index.php\/wp-json\/wp\/v2\/media?parent=465"}],"curies":[{"name":"wp","href":"https:\/\/api.w.org\/{rel}","templated":true}]}}