{"id":433,"date":"2023-08-10T12:49:49","date_gmt":"2023-08-10T10:49:49","guid":{"rendered":"http:\/\/welcome.boutdevolcan.fr\/?page_id=433"},"modified":"2023-08-10T16:40:49","modified_gmt":"2023-08-10T14:40:49","slug":"informations-pratiques","status":"publish","type":"page","link":"https:\/\/welcome.boutdevolcan.fr\/index.php\/bienvenue\/informations-pratiques\/","title":{"rendered":"Informations pratiques"},"content":{"rendered":"\n<div class=\"wp-block-group\"><div class=\"wp-block-group__inner-container is-layout-constrained wp-block-group-is-layout-constrained\">\n<div class=\"wp-block-columns alignfull is-layout-flex wp-container-core-columns-is-layout-9d6595d7 wp-block-columns-is-layout-flex\">\n<div class=\"wp-block-column is-layout-flow wp-block-column-is-layout-flow\">\n<div class=\"wp-block-uagb-image aligncenter uagb-block-adc876a2 wp-block-uagb-image--layout-default wp-block-uagb-image--effect-zoomin wp-block-uagb-image--align-center\"><figure class=\"wp-block-uagb-image__figure\"><a class=\"\" href=\"http:\/\/welcome.boutdevolcan.fr\/index.php\/electromenager\/\" target=\"\" rel=\"noopener\"><img decoding=\"async\" srcset=\"https:\/\/welcome.boutdevolcan.fr\/wp-content\/uploads\/2023\/08\/Icon-Electromenager.png \" sizes=\"auto, (max-width: 480px) 150px\" src=\"https:\/\/welcome.boutdevolcan.fr\/wp-content\/uploads\/2023\/08\/Icon-Electromenager.png\" alt=\"Electrom\u00e9nager\" class=\"uag-image-149\" width=\"70\" height=\"72\" title=\"\" loading=\"lazy\"\/><\/a><\/figure><\/div>\n\n\n\n<h3 class=\"wp-block-heading\" style=\"font-size:24px;line-height:1.3\"><strong><a href=\"http:\/\/welcome.boutdevolcan.fr\/index.php\/electromenager\/\" data-type=\"page\" data-id=\"495\">\u00c9lectrom\u00e9nager \u2197<\/a><\/strong><\/h3>\n\n\n\n<p>Informations sur l&rsquo;\u00e9lectrom\u00e9nager du g\u00eete<\/p>\n<\/div>\n\n\n\n<div class=\"wp-block-column is-layout-flow wp-block-column-is-layout-flow\">\n<div class=\"wp-block-uagb-image aligncenter uagb-block-24bf7ef7 wp-block-uagb-image--layout-default wp-block-uagb-image--effect-zoomin wp-block-uagb-image--align-center\"><figure class=\"wp-block-uagb-image__figure\"><a class=\"\" href=\"http:\/\/welcome.boutdevolcan.fr\/index.php\/bienvenue\/informations-pratiques\/television-et-musique\/\" target=\"\" rel=\"noopener\"><img decoding=\"async\" srcset=\"https:\/\/welcome.boutdevolcan.fr\/wp-content\/uploads\/2023\/08\/Icon-TV.png \" sizes=\"auto, (max-width: 480px) 150px\" src=\"https:\/\/welcome.boutdevolcan.fr\/wp-content\/uploads\/2023\/08\/Icon-TV.png\" alt=\"T\u00e9l\u00e9vision et musique\" class=\"uag-image-141\" width=\"70\" height=\"72\" title=\"\" loading=\"lazy\"\/><\/a><\/figure><\/div>\n\n\n\n<h3 class=\"wp-block-heading\" style=\"font-size:24px;line-height:1.3\"><strong><a href=\"http:\/\/welcome.boutdevolcan.fr\/index.php\/bienvenue\/informations-pratiques\/television-et-musique\/\" data-type=\"page\" data-id=\"492\">T\u00e9l\u00e9vision et musique \u2197<\/a><\/strong><\/h3>\n\n\n\n<p>Informations sur l&rsquo;utilisation de la t\u00e9l\u00e9vision et de l&rsquo;enceint bluetooth<\/p>\n<\/div>\n\n\n\n<div class=\"wp-block-column is-layout-flow wp-block-column-is-layout-flow\">\n<div class=\"wp-block-uagb-image aligncenter uagb-block-f9a0a0dc wp-block-uagb-image--layout-default wp-block-uagb-image--effect-zoomin wp-block-uagb-image--align-center\"><figure class=\"wp-block-uagb-image__figure\"><a class=\"\" href=\"http:\/\/welcome.boutdevolcan.fr\/index.php\/bienvenue\/informations-pratiques\/poubelles\/\" target=\"\" rel=\"noopener\"><img decoding=\"async\" srcset=\"https:\/\/welcome.boutdevolcan.fr\/wp-content\/uploads\/2023\/08\/Icon-Poubelle.png \" sizes=\"auto, (max-width: 480px) 150px\" src=\"https:\/\/welcome.boutdevolcan.fr\/wp-content\/uploads\/2023\/08\/Icon-Poubelle.png\" alt=\"Poubelles\" class=\"uag-image-148\" width=\"70\" height=\"72\" title=\"\" loading=\"lazy\"\/><\/a><\/figure><\/div>\n\n\n\n<h3 class=\"wp-block-heading\" style=\"font-size:24px;line-height:1.3\"><a href=\"http:\/\/welcome.boutdevolcan.fr\/index.php\/bienvenue\/informations-pratiques\/poubelles\/\" data-type=\"page\" data-id=\"478\">Poubelles <strong>\u2197<\/strong><\/a><\/h3>\n\n\n\n<p>Informations sur le tri s\u00e9lectif<\/p>\n<\/div>\n<\/div>\n<\/div><\/div>\n\n\n\n<div class=\"wp-block-uagb-separator uagb-block-36424d21 wp-block-uagb-separator--icon uag-hide-tab uag-hide-mob\"><div class=\"wp-block-uagb-separator__inner\" style=\"--my-background-image:\"><div class=\"wp-block-uagb-separator-element\"><svg xmlns=\"https:\/\/www.w3.org\/2000\/svg\" viewBox=\"0 0 384 512\"><path d=\"M384 48V512l-192-112L0 512V48C0 21.5 21.5 0 48 0h288C362.5 0 384 21.5 384 48z\"><\/path><\/svg><\/div><\/div><\/div>\n\n\n\n<div class=\"wp-block-group\"><div class=\"wp-block-group__inner-container is-layout-constrained wp-block-group-is-layout-constrained\">\n<div class=\"wp-block-columns alignfull is-layout-flex wp-container-core-columns-is-layout-9d6595d7 wp-block-columns-is-layout-flex\">\n<div class=\"wp-block-column is-layout-flow wp-block-column-is-layout-flow\">\n<div class=\"wp-block-uagb-image aligncenter uagb-block-2b4887b0 wp-block-uagb-image--layout-default wp-block-uagb-image--effect-zoomin wp-block-uagb-image--align-center\"><figure class=\"wp-block-uagb-image__figure\"><a class=\"\" href=\"http:\/\/welcome.boutdevolcan.fr\/index.php\/bienvenue\/informations-pratiques\/parking\/\" target=\"\" rel=\"noopener\"><img decoding=\"async\" srcset=\"https:\/\/welcome.boutdevolcan.fr\/wp-content\/uploads\/2023\/08\/Icon-Parking.png \" sizes=\"auto, (max-width: 480px) 150px\" src=\"https:\/\/welcome.boutdevolcan.fr\/wp-content\/uploads\/2023\/08\/Icon-Parking.png\" alt=\"Parking\" class=\"uag-image-147\" width=\"70\" height=\"72\" title=\"\" loading=\"lazy\"\/><\/a><\/figure><\/div>\n\n\n\n<h3 class=\"wp-block-heading\" style=\"font-size:24px;line-height:1.3\"><strong><a href=\"http:\/\/welcome.boutdevolcan.fr\/index.php\/bienvenue\/informations-pratiques\/parking\/\" data-type=\"page\" data-id=\"473\">Parking\u2197<\/a><\/strong><\/h3>\n\n\n\n<p>Informations sur le stationnement<\/p>\n<\/div>\n\n\n\n<div class=\"wp-block-column is-layout-flow wp-block-column-is-layout-flow\">\n<div class=\"wp-block-uagb-image aligncenter uagb-block-490b44a5 wp-block-uagb-image--layout-default wp-block-uagb-image--effect-zoomin wp-block-uagb-image--align-center\"><figure class=\"wp-block-uagb-image__figure\"><a class=\"\" href=\"http:\/\/welcome.boutdevolcan.fr\/index.php\/bienvenue\/informations-pratiques\/menage\/\" target=\"\" rel=\"noopener\"><img decoding=\"async\" srcset=\"https:\/\/welcome.boutdevolcan.fr\/wp-content\/uploads\/2023\/08\/Icon-Menage.png \" sizes=\"auto, (max-width: 480px) 150px\" src=\"https:\/\/welcome.boutdevolcan.fr\/wp-content\/uploads\/2023\/08\/Icon-Menage.png\" alt=\"M\u00e9nage\" class=\"uag-image-145\" width=\"70\" height=\"72\" title=\"\" loading=\"lazy\"\/><\/a><\/figure><\/div>\n\n\n\n<h3 class=\"wp-block-heading\" style=\"font-size:24px;line-height:1.3\"><strong><a href=\"http:\/\/welcome.boutdevolcan.fr\/index.php\/bienvenue\/informations-pratiques\/menage\/\" data-type=\"page\" data-id=\"470\">M\u00e9nage \u2197<\/a><\/strong><\/h3>\n\n\n\n<p>Informations sur le m\u00e9nage<\/p>\n<\/div>\n\n\n\n<div class=\"wp-block-column is-layout-flow wp-block-column-is-layout-flow\">\n<div class=\"wp-block-uagb-image aligncenter uagb-block-ba6d0dad wp-block-uagb-image--layout-default wp-block-uagb-image--effect-zoomin wp-block-uagb-image--align-center\"><figure class=\"wp-block-uagb-image__figure\"><a class=\"\" href=\"http:\/\/welcome.boutdevolcan.fr\/index.php\/bienvenue\/informations-pratiques\/chauffage\/\" target=\"\" rel=\"noopener\"><img decoding=\"async\" srcset=\"https:\/\/welcome.boutdevolcan.fr\/wp-content\/uploads\/2023\/08\/Icon-Chauffage.png \" sizes=\"auto, (max-width: 480px) 150px\" src=\"https:\/\/welcome.boutdevolcan.fr\/wp-content\/uploads\/2023\/08\/Icon-Chauffage.png\" alt=\"Chauffage\" class=\"uag-image-143\" width=\"70\" height=\"72\" title=\"\" loading=\"lazy\"\/><\/a><\/figure><\/div>\n\n\n\n<h3 class=\"wp-block-heading\" style=\"font-size:24px;line-height:1.3\"><a href=\"http:\/\/welcome.boutdevolcan.fr\/index.php\/bienvenue\/informations-pratiques\/chauffage\/\" data-type=\"page\" data-id=\"465\">Chauffage <strong>\u2197<\/strong><\/a><\/h3>\n\n\n\n<p>Information sur le chauffage dans le g\u00eete<\/p>\n<\/div>\n<\/div>\n<\/div><\/div>\n","protected":false},"excerpt":{"rendered":"<p>\u00c9lectrom\u00e9nager \u2197 Informations sur l&rsquo;\u00e9lectrom\u00e9nager du g\u00eete T\u00e9l\u00e9vision et musique \u2197 Informations sur l&rsquo;utilisation de la t\u00e9l\u00e9vision et de l&rsquo;enceint bluetooth Poubelles \u2197 Informations sur le tri s\u00e9lectif Parking\u2197 Informations sur le stationnement M\u00e9nage \u2197 Informations sur le m\u00e9nage Chauffage \u2197 Information sur le chauffage dans le g\u00eete<\/p>\n","protected":false},"author":1,"featured_media":0,"parent":77,"menu_order":60,"comment_status":"closed","ping_status":"closed","template":"","meta":{"_uag_custom_page_level_css":"","footnotes":""},"class_list":["post-433","page","type-page","status-publish","hentry"],"uagb_featured_image_src":{"full":false,"thumbnail":false,"medium":false,"medium_large":false,"large":false,"1536x1536":false,"2048x2048":false,"post-thumbnail":false,"twentytwenty-fullscreen":false},"uagb_author_info":{"display_name":"djoannet","author_link":"https:\/\/welcome.boutdevolcan.fr\/index.php\/author\/djoannet\/"},"uagb_comment_info":0,"uagb_excerpt":"\u00c9lectrom\u00e9nager \u2197 Informations sur l&rsquo;\u00e9lectrom\u00e9nager du g\u00eete T\u00e9l\u00e9vision et musique \u2197 Informations sur l&rsquo;utilisation de la t\u00e9l\u00e9vision et de l&rsquo;enceint bluetooth Poubelles \u2197 Informations sur le tri s\u00e9lectif Parking\u2197 Informations sur le stationnement M\u00e9nage \u2197 Informations sur le m\u00e9nage Chauffage \u2197 Information sur le chauffage dans le g\u00eete","_links":{"self":[{"href":"https:\/\/welcome.boutdevolcan.fr\/index.php\/wp-json\/wp\/v2\/pages\/433","targetHints":{"allow":["GET"]}}],"collection":[{"href":"https:\/\/welcome.boutdevolcan.fr\/index.php\/wp-json\/wp\/v2\/pages"}],"about":[{"href":"https:\/\/welcome.boutdevolcan.fr\/index.php\/wp-json\/wp\/v2\/types\/page"}],"author":[{"embeddable":true,"href":"https:\/\/welcome.boutdevolcan.fr\/index.php\/wp-json\/wp\/v2\/users\/1"}],"replies":[{"embeddable":true,"href":"https:\/\/welcome.boutdevolcan.fr\/index.php\/wp-json\/wp\/v2\/comments?post=433"}],"version-history":[{"count":7,"href":"https:\/\/welcome.boutdevolcan.fr\/index.php\/wp-json\/wp\/v2\/pages\/433\/revisions"}],"predecessor-version":[{"id":497,"href":"https:\/\/welcome.boutdevolcan.fr\/index.php\/wp-json\/wp\/v2\/pages\/433\/revisions\/497"}],"up":[{"embeddable":true,"href":"https:\/\/welcome.boutdevolcan.fr\/index.php\/wp-json\/wp\/v2\/pages\/77"}],"wp:attachment":[{"href":"https:\/\/welcome.boutdevolcan.fr\/index.php\/wp-json\/wp\/v2\/media?parent=433"}],"curies":[{"name":"wp","href":"https:\/\/api.w.org\/{rel}","templated":true}]}}