{"id":423,"date":"2023-08-09T18:06:53","date_gmt":"2023-08-09T16:06:53","guid":{"rendered":"http:\/\/welcome.boutdevolcan.fr\/?page_id=423"},"modified":"2023-08-10T16:41:01","modified_gmt":"2023-08-10T14:41:01","slug":"numeros-utiles","status":"publish","type":"page","link":"https:\/\/welcome.boutdevolcan.fr\/index.php\/bienvenue\/numeros-utiles\/","title":{"rendered":"Num\u00e9ros utiles"},"content":{"rendered":"\n<h2 class=\"wp-block-heading\"><strong>Coordonn\u00e9es du propri\u00e9taire <\/strong><\/h2>\n\n\n\n<p>Mr Didier Joannet<br>57 bis rue de Terrre Blanche<br>63118 C\u00e9bazat<br>\u2706 +33 (0)6 63 18 45 08<\/p>\n\n\n\n<h2 class=\"wp-block-heading\"><strong><strong>Coordonn\u00e9es de l\u2019agence Gites de France (Adresse, t\u00e9l\u00e9phone et email) :<\/strong><\/strong><\/h2>\n\n\n\n<p>SAS RESA GITES PUY-DE-DOME<br>30 avenue Albert et Elisabeth<br>63000 CLERMONT-FERRAND<br>\u2706 +33 (0)4 73 17 63 63\u00a0<br><a href=\"mailto:locations@gitesdefrance63.com\">locations@gitesdefrance63.com<\/a><\/p>\n\n\n\n<p><strong>Si l\u2019agence Gites de France n\u2019est pas joignable, vous pouvez contacter le service national Gites de France au<\/strong><br><strong>+33 (0) 826 10 44 44 <\/strong>(0,18 \u20ac \/ min)<br><strong>\u00a0<\/strong>Ouvert 7 jours \/ 7 de 9h \u00e0 21h<\/p>\n","protected":false},"excerpt":{"rendered":"<p>Coordonn\u00e9es du propri\u00e9taire Mr Didier Joannet57 bis rue de Terrre Blanche63118 C\u00e9bazat\u2706 +33 (0)6 63 18 45 08 Coordonn\u00e9es de l\u2019agence Gites de France (Adresse, t\u00e9l\u00e9phone et email) : SAS RESA GITES PUY-DE-DOME30 avenue Albert et Elisabeth63000 CLERMONT-FERRAND\u2706 +33 (0)4 73 17 63 63\u00a0locations@gitesdefrance63.com Si l\u2019agence Gites de France n\u2019est pas joignable, vous pouvez contacter [&hellip;]<\/p>\n","protected":false},"author":1,"featured_media":0,"parent":77,"menu_order":70,"comment_status":"closed","ping_status":"closed","template":"","meta":{"_uag_custom_page_level_css":"","footnotes":""},"class_list":["post-423","page","type-page","status-publish","hentry"],"uagb_featured_image_src":{"full":false,"thumbnail":false,"medium":false,"medium_large":false,"large":false,"1536x1536":false,"2048x2048":false,"post-thumbnail":false,"twentytwenty-fullscreen":false},"uagb_author_info":{"display_name":"djoannet","author_link":"https:\/\/welcome.boutdevolcan.fr\/index.php\/author\/djoannet\/"},"uagb_comment_info":0,"uagb_excerpt":"Coordonn\u00e9es du propri\u00e9taire Mr Didier Joannet57 bis rue de Terrre Blanche63118 C\u00e9bazat\u2706 +33 (0)6 63 18 45 08 Coordonn\u00e9es de l\u2019agence Gites de France (Adresse, t\u00e9l\u00e9phone et email) : SAS RESA GITES PUY-DE-DOME30 avenue Albert et Elisabeth63000 CLERMONT-FERRAND\u2706 +33 (0)4 73 17 63 63\u00a0locations@gitesdefrance63.com Si l\u2019agence Gites de France n\u2019est pas joignable, vous pouvez contacter\u2026","_links":{"self":[{"href":"https:\/\/welcome.boutdevolcan.fr\/index.php\/wp-json\/wp\/v2\/pages\/423","targetHints":{"allow":["GET"]}}],"collection":[{"href":"https:\/\/welcome.boutdevolcan.fr\/index.php\/wp-json\/wp\/v2\/pages"}],"about":[{"href":"https:\/\/welcome.boutdevolcan.fr\/index.php\/wp-json\/wp\/v2\/types\/page"}],"author":[{"embeddable":true,"href":"https:\/\/welcome.boutdevolcan.fr\/index.php\/wp-json\/wp\/v2\/users\/1"}],"replies":[{"embeddable":true,"href":"https:\/\/welcome.boutdevolcan.fr\/index.php\/wp-json\/wp\/v2\/comments?post=423"}],"version-history":[{"count":1,"href":"https:\/\/welcome.boutdevolcan.fr\/index.php\/wp-json\/wp\/v2\/pages\/423\/revisions"}],"predecessor-version":[{"id":424,"href":"https:\/\/welcome.boutdevolcan.fr\/index.php\/wp-json\/wp\/v2\/pages\/423\/revisions\/424"}],"up":[{"embeddable":true,"href":"https:\/\/welcome.boutdevolcan.fr\/index.php\/wp-json\/wp\/v2\/pages\/77"}],"wp:attachment":[{"href":"https:\/\/welcome.boutdevolcan.fr\/index.php\/wp-json\/wp\/v2\/media?parent=423"}],"curies":[{"name":"wp","href":"https:\/\/api.w.org\/{rel}","templated":true}]}}