{"id":421,"date":"2023-08-09T17:56:44","date_gmt":"2023-08-09T15:56:44","guid":{"rendered":"http:\/\/welcome.boutdevolcan.fr\/?page_id=421"},"modified":"2023-08-11T10:24:21","modified_gmt":"2023-08-11T08:24:21","slug":"piscine","status":"publish","type":"page","link":"https:\/\/welcome.boutdevolcan.fr\/index.php\/bienvenue\/piscine\/","title":{"rendered":"Piscine"},"content":{"rendered":"\n<h2 class=\"wp-block-heading\"><strong>Abris de piscine<\/strong><\/h2>\n\n\n\n<p class=\"has-drop-cap\">La piscine est sous la surveillance des usagers et exclusivement r\u00e9serv\u00e9e aux propri\u00e9taires et locataires du g\u00eete.<br>Les enfants m\u00eame sachant nager, doivent \u00eatre surveill\u00e9s.<br>Pour des raisons de s\u00e9curit\u00e9 et de confort, apr\u00e8s chaque utilisation, l\u2019abris de piscine ainsi qu\u2019un vis de chaque c\u00f4t\u00e9 de piscine doivent \u00eatre remis en place.<\/p>\n\n\n\n<h2 class=\"wp-block-heading\"><strong>Ouverture et fermeture de l&rsquo;abris<\/strong><\/h2>\n\n\n\n<p>Pour faciliter l&rsquo;ouverture, il est pr\u00e9f\u00e9rable de le faire \u00e0 deux personnes. L&rsquo;ouverture compl\u00e8te de la piscine s&rsquo;effectue en deux temps :<\/p>\n\n\n\n<ul class=\"wp-block-list\">\n<li>Ouverture des trois premiers blocs<\/li>\n\n\n\n<li>Ouverture du dernier bloc (cette \u00e9tape est facultative, il est possible de nager sous les blocs)<\/li>\n<\/ul>\n\n\n\n<h3 class=\"wp-block-heading\"><strong>Ouverture des trois premiers blocs (ceux situ\u00e9s face \u00e0 vous quand vous arrivez au g\u00eete)<\/strong><\/h3>\n\n\n\n<p>Si ces derni\u00e8res sont install\u00e9es, enlever les vis de blocage (uniquement ceux du premier bloc, ne pas enlever les vis du fond ce qui provoquerait des difficult\u00e9s pour la fermeture).<\/p>\n\n\n\n<p>A deux, chacun d&rsquo;un c\u00f4t\u00e9, poussez les trois premiers blocs sous le bloc situ\u00e9 au fond de la piscine. <\/p>\n\n\n\n<h3 class=\"wp-block-heading\"><strong>Ouverture du dernier bloc<\/strong><\/h3>\n\n\n\n<p>Une fois les trois premiers blocs empil\u00e9s sous le dernier bloc (la piscine est d\u00e9couverte au 2\/3, vous pouvez d\u00e9visser les vis situ\u00e9s des deux c\u00f4t\u00e9s du dernier bloc. <\/p>\n\n\n\n<p>Une fois d\u00e9viss\u00e9es, toujours \u00e0 deux, poussez pour finir de d\u00e9couvrir la piscine. Veillez \u00e0 pousser droit pour \u00eatre dans l&rsquo;axe de la terrasse. <\/p>\n\n\n\n<h3 class=\"wp-block-heading\"><strong>Fermeture de la piscine<\/strong><\/h3>\n\n\n\n<p>La fermeture de la piscine s&rsquo;effectue dans l&rsquo;ordre inverse. <br>Dans un premier temps il convient de repositionner le dernier bloc. Il peut \u00eatre n\u00e9cessaire d&rsquo;avancer et reculer les blocs pour que les trous soient bien en face des pas de vis. <br>Remettez les deux vis en place.<br>Enfin, vous pouvez remettre les trois premiers blocs. <br>En cas de difficult\u00e9s, n&rsquo;h\u00e9sitez pas \u00e0 contacter le propri\u00e9taire.<\/p>\n\n\n\n<p><\/p>\n\n\n\n<h2 class=\"wp-block-heading\"><strong><strong>Entretien de la piscine<\/strong><\/strong><\/h2>\n\n\n\n<p>La piscine est \u00e9quip\u00e9e d\u2019un <strong>\u00e9lectrolyseur<\/strong> qui fabrique du chlore \u00e0 partir du <strong>sel<\/strong> (raison pour laquelle l&rsquo;eau a un go\u00fbt l\u00e9g\u00e8rement sal\u00e9), par ailleurs un contr\u00f4le du taux de Chlore coupe l&rsquo;\u00e9lectrolyseur pour avoir un taux optimal. <br>Toutefois, dans l\u2019int\u00e9r\u00eat des baigneurs, en cas de probl\u00e8me sanitaire avec la qualit\u00e9 de l\u2019eau, le propri\u00e9taire peut \u00eatre amen\u00e9 \u00e0 interdire la baignade.<\/p>\n","protected":false},"excerpt":{"rendered":"<p>Abris de piscine La piscine est sous la surveillance des usagers et exclusivement r\u00e9serv\u00e9e aux propri\u00e9taires et locataires du g\u00eete.Les enfants m\u00eame sachant nager, doivent \u00eatre surveill\u00e9s.Pour des raisons de s\u00e9curit\u00e9 et de confort, apr\u00e8s chaque utilisation, l\u2019abris de piscine ainsi qu\u2019un vis de chaque c\u00f4t\u00e9 de piscine doivent \u00eatre remis en place. Ouverture et [&hellip;]<\/p>\n","protected":false},"author":1,"featured_media":0,"parent":77,"menu_order":40,"comment_status":"closed","ping_status":"closed","template":"","meta":{"_uag_custom_page_level_css":"","footnotes":""},"class_list":["post-421","page","type-page","status-publish","hentry"],"uagb_featured_image_src":{"full":false,"thumbnail":false,"medium":false,"medium_large":false,"large":false,"1536x1536":false,"2048x2048":false,"post-thumbnail":false,"twentytwenty-fullscreen":false},"uagb_author_info":{"display_name":"djoannet","author_link":"https:\/\/welcome.boutdevolcan.fr\/index.php\/author\/djoannet\/"},"uagb_comment_info":0,"uagb_excerpt":"Abris de piscine La piscine est sous la surveillance des usagers et exclusivement r\u00e9serv\u00e9e aux propri\u00e9taires et locataires du g\u00eete.Les enfants m\u00eame sachant nager, doivent \u00eatre surveill\u00e9s.Pour des raisons de s\u00e9curit\u00e9 et de confort, apr\u00e8s chaque utilisation, l\u2019abris de piscine ainsi qu\u2019un vis de chaque c\u00f4t\u00e9 de piscine doivent \u00eatre remis en place. Ouverture et\u2026","_links":{"self":[{"href":"https:\/\/welcome.boutdevolcan.fr\/index.php\/wp-json\/wp\/v2\/pages\/421","targetHints":{"allow":["GET"]}}],"collection":[{"href":"https:\/\/welcome.boutdevolcan.fr\/index.php\/wp-json\/wp\/v2\/pages"}],"about":[{"href":"https:\/\/welcome.boutdevolcan.fr\/index.php\/wp-json\/wp\/v2\/types\/page"}],"author":[{"embeddable":true,"href":"https:\/\/welcome.boutdevolcan.fr\/index.php\/wp-json\/wp\/v2\/users\/1"}],"replies":[{"embeddable":true,"href":"https:\/\/welcome.boutdevolcan.fr\/index.php\/wp-json\/wp\/v2\/comments?post=421"}],"version-history":[{"count":3,"href":"https:\/\/welcome.boutdevolcan.fr\/index.php\/wp-json\/wp\/v2\/pages\/421\/revisions"}],"predecessor-version":[{"id":527,"href":"https:\/\/welcome.boutdevolcan.fr\/index.php\/wp-json\/wp\/v2\/pages\/421\/revisions\/527"}],"up":[{"embeddable":true,"href":"https:\/\/welcome.boutdevolcan.fr\/index.php\/wp-json\/wp\/v2\/pages\/77"}],"wp:attachment":[{"href":"https:\/\/welcome.boutdevolcan.fr\/index.php\/wp-json\/wp\/v2\/media?parent=421"}],"curies":[{"name":"wp","href":"https:\/\/api.w.org\/{rel}","templated":true}]}}