{"id":412,"date":"2023-08-09T17:07:02","date_gmt":"2023-08-09T15:07:02","guid":{"rendered":"http:\/\/welcome.boutdevolcan.fr\/?page_id=412"},"modified":"2023-08-10T16:39:29","modified_gmt":"2023-08-10T14:39:29","slug":"digicode","status":"publish","type":"page","link":"https:\/\/welcome.boutdevolcan.fr\/index.php\/bienvenue\/digicode\/","title":{"rendered":"Digicode"},"content":{"rendered":"\n<p class=\"has-drop-cap\">Le digicode est situ\u00e9 derri\u00e8re la bo\u00eete aux lettres pour entrer, et \u00e0 gauche en sortant. Pour l&rsquo;utiliser, vous devez composer le code suivant : <strong>5763A<\/strong>. Une fois que vous avez compos\u00e9 le code, le portail s&rsquo;ouvrira automatiquement. Le portail se fermera automatiquement apr\u00e8s quelques minutes.<\/p>\n\n\n\n<p>Le code 5763A est facile \u00e0 m\u00e9moriser : 57 correspond au num\u00e9ro de la rue et 63 au num\u00e9ro du d\u00e9partement.<\/p>\n","protected":false},"excerpt":{"rendered":"<p>Le digicode est situ\u00e9 derri\u00e8re la bo\u00eete aux lettres pour entrer, et \u00e0 gauche en sortant. Pour l&rsquo;utiliser, vous devez composer le code suivant : 5763A. Une fois que vous avez compos\u00e9 le code, le portail s&rsquo;ouvrira automatiquement. Le portail se fermera automatiquement apr\u00e8s quelques minutes. Le code 5763A est facile \u00e0 m\u00e9moriser : 57 [&hellip;]<\/p>\n","protected":false},"author":1,"featured_media":0,"parent":77,"menu_order":20,"comment_status":"closed","ping_status":"closed","template":"","meta":{"_uag_custom_page_level_css":"","footnotes":""},"class_list":["post-412","page","type-page","status-publish","hentry"],"uagb_featured_image_src":{"full":false,"thumbnail":false,"medium":false,"medium_large":false,"large":false,"1536x1536":false,"2048x2048":false,"post-thumbnail":false,"twentytwenty-fullscreen":false},"uagb_author_info":{"display_name":"djoannet","author_link":"https:\/\/welcome.boutdevolcan.fr\/index.php\/author\/djoannet\/"},"uagb_comment_info":0,"uagb_excerpt":"Le digicode est situ\u00e9 derri\u00e8re la bo\u00eete aux lettres pour entrer, et \u00e0 gauche en sortant. Pour l&rsquo;utiliser, vous devez composer le code suivant : 5763A. Une fois que vous avez compos\u00e9 le code, le portail s&rsquo;ouvrira automatiquement. Le portail se fermera automatiquement apr\u00e8s quelques minutes. Le code 5763A est facile \u00e0 m\u00e9moriser : 57\u2026","_links":{"self":[{"href":"https:\/\/welcome.boutdevolcan.fr\/index.php\/wp-json\/wp\/v2\/pages\/412","targetHints":{"allow":["GET"]}}],"collection":[{"href":"https:\/\/welcome.boutdevolcan.fr\/index.php\/wp-json\/wp\/v2\/pages"}],"about":[{"href":"https:\/\/welcome.boutdevolcan.fr\/index.php\/wp-json\/wp\/v2\/types\/page"}],"author":[{"embeddable":true,"href":"https:\/\/welcome.boutdevolcan.fr\/index.php\/wp-json\/wp\/v2\/users\/1"}],"replies":[{"embeddable":true,"href":"https:\/\/welcome.boutdevolcan.fr\/index.php\/wp-json\/wp\/v2\/comments?post=412"}],"version-history":[{"count":1,"href":"https:\/\/welcome.boutdevolcan.fr\/index.php\/wp-json\/wp\/v2\/pages\/412\/revisions"}],"predecessor-version":[{"id":413,"href":"https:\/\/welcome.boutdevolcan.fr\/index.php\/wp-json\/wp\/v2\/pages\/412\/revisions\/413"}],"up":[{"embeddable":true,"href":"https:\/\/welcome.boutdevolcan.fr\/index.php\/wp-json\/wp\/v2\/pages\/77"}],"wp:attachment":[{"href":"https:\/\/welcome.boutdevolcan.fr\/index.php\/wp-json\/wp\/v2\/media?parent=412"}],"curies":[{"name":"wp","href":"https:\/\/api.w.org\/{rel}","templated":true}]}}